{"id":823,"date":"2021-04-13T12:14:50","date_gmt":"2021-04-13T09:14:50","guid":{"rendered":"http:\/\/ragala.net\/ragala\/?page_id=823"},"modified":"2021-04-13T12:14:50","modified_gmt":"2021-04-13T09:14:50","slug":"ilmoita-yllapidolle","status":"publish","type":"page","link":"https:\/\/ragala.net\/ragala\/index.php\/ilmoita-yllapidolle\/","title":{"rendered":"Ilmoita yll\u00e4pidolle"},"content":{"rendered":"<div class=\"wpforms-container wpforms-container-full\" id=\"wpforms-821\"><form id=\"wpforms-form-821\" class=\"wpforms-validate wpforms-form\" data-formid=\"821\" method=\"post\" enctype=\"multipart\/form-data\" action=\"\/ragala\/index.php\/wp-json\/wp\/v2\/pages\/823\" data-token=\"19f68a82e617e2d6146ce26dcd9eef3c\"><noscript class=\"wpforms-error-noscript\">Please enable JavaScript in your browser to complete this form.<\/noscript><div class=\"wpforms-field-container\"><div id=\"wpforms-821-field_0-container\" class=\"wpforms-field wpforms-field-name\" data-field-id=\"0\"><label class=\"wpforms-field-label\" for=\"wpforms-821-field_0\">Nimesi <span class=\"wpforms-required-label\">*<\/span><\/label><div class=\"wpforms-field-row wpforms-field-medium\"><div class=\"wpforms-field-row-block wpforms-first wpforms-one-half\"><input type=\"text\" id=\"wpforms-821-field_0\" class=\"wpforms-field-name-first wpforms-field-required\" name=\"wpforms[fields][0][first]\" required><label for=\"wpforms-821-field_0\" class=\"wpforms-field-sublabel after \">First<\/label><\/div><div class=\"wpforms-field-row-block wpforms-one-half\"><input type=\"text\" id=\"wpforms-821-field_0-last\" class=\"wpforms-field-name-last wpforms-field-required\" name=\"wpforms[fields][0][last]\" required><label for=\"wpforms-821-field_0-last\" class=\"wpforms-field-sublabel after \">Last<\/label><\/div><\/div><\/div><div id=\"wpforms-821-field_1-container\" class=\"wpforms-field wpforms-field-email\" data-field-id=\"1\"><label class=\"wpforms-field-label\" for=\"wpforms-821-field_1\">Email <span class=\"wpforms-required-label\">*<\/span><\/label><input type=\"email\" id=\"wpforms-821-field_1\" class=\"wpforms-field-medium wpforms-field-required\" name=\"wpforms[fields][1]\" required><div class=\"wpforms-field-description\">Anna toimiva s\u00e4hk\u00f6posti mahdollista vastausta\/lis\u00e4kysely\u00e4 varten<\/div><\/div><div id=\"wpforms-821-field_2-container\" class=\"wpforms-field wpforms-field-radio\" data-field-id=\"2\"><label class=\"wpforms-field-label\" for=\"wpforms-821-field_2\">Mit\u00e4 haluat tiedottaa sivun yll\u00e4pidolle! <span class=\"wpforms-required-label\">*<\/span><\/label><ul id=\"wpforms-821-field_2\" class=\"wpforms-field-required\"><li class=\"choice-1 depth-1\"><input type=\"radio\" id=\"wpforms-821-field_2_1\" name=\"wpforms[fields][2]\" value=\"Sivustolla jokin ei toimi\" required ><label class=\"wpforms-field-label-inline\" for=\"wpforms-821-field_2_1\">Sivustolla jokin ei toimi<\/label><\/li><li class=\"choice-2 depth-1\"><input type=\"radio\" id=\"wpforms-821-field_2_2\" name=\"wpforms[fields][2]\" value=\"Sivuston graafinen ilme\" required ><label class=\"wpforms-field-label-inline\" for=\"wpforms-821-field_2_2\">Sivuston graafinen ilme<\/label><\/li><li class=\"choice-3 depth-1\"><input type=\"radio\" id=\"wpforms-821-field_2_3\" name=\"wpforms[fields][2]\" value=\"En l\u00f6yd\u00e4 jotain sivuilta\" required ><label class=\"wpforms-field-label-inline\" for=\"wpforms-821-field_2_3\">En l\u00f6yd\u00e4 jotain sivuilta<\/label><\/li><li class=\"choice-4 depth-1\"><input type=\"radio\" id=\"wpforms-821-field_2_4\" name=\"wpforms[fields][2]\" value=\"Jotakin muuta\" required ><label class=\"wpforms-field-label-inline\" for=\"wpforms-821-field_2_4\">Jotakin muuta<\/label><\/li><\/ul><\/div><div id=\"wpforms-821-field_3-container\" class=\"wpforms-field wpforms-field-text\" data-field-id=\"3\"><label class=\"wpforms-field-label\" for=\"wpforms-821-field_3\">Aiheesi tarkemmin <span class=\"wpforms-required-label\">*<\/span><\/label><input type=\"text\" id=\"wpforms-821-field_3\" class=\"wpforms-field-medium wpforms-field-required\" name=\"wpforms[fields][3]\" required><\/div><div id=\"wpforms-821-field_4-container\" class=\"wpforms-field wpforms-field-textarea\" data-field-id=\"4\"><label class=\"wpforms-field-label\" for=\"wpforms-821-field_4\">Viestisi: Kerro asiasi mahdollisimman tarkasti <span class=\"wpforms-required-label\">*<\/span><\/label><textarea id=\"wpforms-821-field_4\" class=\"wpforms-field-medium wpforms-field-required\" name=\"wpforms[fields][4]\" required><\/textarea><\/div><\/div><div class=\"wpforms-submit-container\" ><input type=\"hidden\" name=\"wpforms[id]\" value=\"821\"><input type=\"hidden\" name=\"wpforms[author]\" value=\"1\"><button type=\"submit\" name=\"wpforms[submit]\" class=\"wpforms-submit \" id=\"wpforms-submit-821\" value=\"wpforms-submit\" aria-live=\"assertive\" data-alt-text=\"L\u00e4hetet\u00e4\u00e4n...\" data-submit-text=\"L\u00e4het\u00e4\">L\u00e4het\u00e4<\/button><\/div><\/form><\/div>  <!-- .wpforms-container -->","protected":false},"excerpt":{"rendered":"","protected":false},"author":1,"featured_media":0,"parent":0,"menu_order":0,"comment_status":"closed","ping_status":"closed","template":"","meta":{"footnotes":""},"class_list":["post-823","page","type-page","status-publish","hentry"],"_links":{"self":[{"href":"https:\/\/ragala.net\/ragala\/index.php\/wp-json\/wp\/v2\/pages\/823","targetHints":{"allow":["GET"]}}],"collection":[{"href":"https:\/\/ragala.net\/ragala\/index.php\/wp-json\/wp\/v2\/pages"}],"about":[{"href":"https:\/\/ragala.net\/ragala\/index.php\/wp-json\/wp\/v2\/types\/page"}],"author":[{"embeddable":true,"href":"https:\/\/ragala.net\/ragala\/index.php\/wp-json\/wp\/v2\/users\/1"}],"replies":[{"embeddable":true,"href":"https:\/\/ragala.net\/ragala\/index.php\/wp-json\/wp\/v2\/comments?post=823"}],"version-history":[{"count":1,"href":"https:\/\/ragala.net\/ragala\/index.php\/wp-json\/wp\/v2\/pages\/823\/revisions"}],"predecessor-version":[{"id":824,"href":"https:\/\/ragala.net\/ragala\/index.php\/wp-json\/wp\/v2\/pages\/823\/revisions\/824"}],"wp:attachment":[{"href":"https:\/\/ragala.net\/ragala\/index.php\/wp-json\/wp\/v2\/media?parent=823"}],"curies":[{"name":"wp","href":"https:\/\/api.w.org\/{rel}","templated":true}]}}