{"id":758,"date":"2021-04-13T09:46:08","date_gmt":"2021-04-13T06:46:08","guid":{"rendered":"http:\/\/ragala.net\/ragala\/?page_id=758"},"modified":"2021-04-22T19:49:37","modified_gmt":"2021-04-22T16:49:37","slug":"levyt-18","status":"publish","type":"page","link":"https:\/\/ragala.net\/ragala\/index.php\/levyt-18\/","title":{"rendered":"Levyt #18"},"content":{"rendered":"\t\t<div data-elementor-type=\"wp-page\" data-elementor-id=\"758\" class=\"elementor elementor-758\" data-elementor-settings=\"[]\">\n\t\t\t\t\t\t<div class=\"elementor-inner\">\n\t\t\t\t\t\t\t<div class=\"elementor-section-wrap\">\n\t\t\t\t\t\t\t<section class=\"elementor-section elementor-top-section elementor-element elementor-element-721e74e2 elementor-section-boxed elementor-section-height-default elementor-section-height-default\" data-id=\"721e74e2\" data-element_type=\"section\">\n\t\t\t\t\t\t<div class=\"elementor-container elementor-column-gap-default\">\n\t\t\t\t\t\t\t<div class=\"elementor-row\">\n\t\t\t\t\t<div class=\"elementor-column elementor-col-100 elementor-top-column elementor-element elementor-element-410ca525\" data-id=\"410ca525\" data-element_type=\"column\">\n\t\t\t<div class=\"elementor-column-wrap elementor-element-populated\">\n\t\t\t\t\t\t\t<div class=\"elementor-widget-wrap\">\n\t\t\t\t\t\t<div class=\"elementor-element elementor-element-08da586 elementor-widget elementor-widget-heading\" data-id=\"08da586\" data-element_type=\"widget\" data-widget_type=\"heading.default\">\n\t\t\t\t<div class=\"elementor-widget-container\">\n\t\t\t<h2 class=\"elementor-heading-title elementor-size-default\"><h3 style=\"line-height: 39.2px; text-align: center; white-space: ;\">Gold Pan Symphony eli Waskoolisinfonia\n   <BR>2013<\/h3><\/h2>\t\t<\/div>\n\t\t\t\t<\/div>\n\t\t\t\t<div class=\"elementor-element elementor-element-2f5d7e8b elementor-widget elementor-widget-text-editor\" data-id=\"2f5d7e8b\" data-element_type=\"widget\" data-widget_type=\"text-editor.default\">\n\t\t\t\t<div class=\"elementor-widget-container\">\n\t\t\t\t\t\t\t\t<div class=\"elementor-text-editor elementor-clearfix\">\n\t\t\t\t\t<p><img loading=\"lazy\" decoding=\"async\" class=\"alignnone size-medium wp-image-489\" src=\"http:\/\/ragala.net\/ragala\/wp-content\/uploads\/2021\/02\/vaskoolisinfonia_p-300x296.jpg\" alt=\"\" width=\"300\" height=\"296\" srcset=\"https:\/\/ragala.net\/ragala\/wp-content\/uploads\/2021\/02\/vaskoolisinfonia_p-300x296.jpg 300w, https:\/\/ragala.net\/ragala\/wp-content\/uploads\/2021\/02\/vaskoolisinfonia_p-100x100.jpg 100w, https:\/\/ragala.net\/ragala\/wp-content\/uploads\/2021\/02\/vaskoolisinfonia_p.jpg 304w\" sizes=\"auto, (max-width: 300px) 100vw, 300px\" \/><\/p><p><b>01 Part Kultahiekkaa<\/b><\/p><p><b>02 Part Lapsi<\/b><\/p><p><b>03 Part Her\u00e4\u00e4minen<\/b><\/p><p><b>04 Part Kulttuurin kehdossa<\/b><\/p><p><b>Levy\u00e4 myyd\u00e4\u00e4n Tankavaaran Kultamuseossa ja Galleria Ragalassa<\/b><\/p>\t\t\t\t\t<\/div>\n\t\t\t\t\t\t<\/div>\n\t\t\t\t<\/div>\n\t\t\t\t\t\t<\/div>\n\t\t\t\t\t<\/div>\n\t\t<\/div>\n\t\t\t\t\t\t\t\t<\/div>\n\t\t\t\t\t<\/div>\n\t\t<\/section>\n\t\t\t\t\t\t<\/div>\n\t\t\t\t\t\t<\/div>\n\t\t\t\t\t<\/div>\n\t\t","protected":false},"excerpt":{"rendered":"<p>Gold Pan Symphony eli Waskoolisinfonia 2013 01 Part Kultahiekkaa 02 Part Lapsi 03 Part Her\u00e4\u00e4minen 04 Part Kulttuurin kehdossa Levy\u00e4 myyd\u00e4\u00e4n Tankavaaran Kultamuseossa ja Galleria Ragalassa<\/p>\n","protected":false},"author":1,"featured_media":0,"parent":0,"menu_order":0,"comment_status":"closed","ping_status":"closed","template":"","meta":{"footnotes":""},"class_list":["post-758","page","type-page","status-publish","hentry"],"_links":{"self":[{"href":"https:\/\/ragala.net\/ragala\/index.php\/wp-json\/wp\/v2\/pages\/758","targetHints":{"allow":["GET"]}}],"collection":[{"href":"https:\/\/ragala.net\/ragala\/index.php\/wp-json\/wp\/v2\/pages"}],"about":[{"href":"https:\/\/ragala.net\/ragala\/index.php\/wp-json\/wp\/v2\/types\/page"}],"author":[{"embeddable":true,"href":"https:\/\/ragala.net\/ragala\/index.php\/wp-json\/wp\/v2\/users\/1"}],"replies":[{"embeddable":true,"href":"https:\/\/ragala.net\/ragala\/index.php\/wp-json\/wp\/v2\/comments?post=758"}],"version-history":[{"count":10,"href":"https:\/\/ragala.net\/ragala\/index.php\/wp-json\/wp\/v2\/pages\/758\/revisions"}],"predecessor-version":[{"id":927,"href":"https:\/\/ragala.net\/ragala\/index.php\/wp-json\/wp\/v2\/pages\/758\/revisions\/927"}],"wp:attachment":[{"href":"https:\/\/ragala.net\/ragala\/index.php\/wp-json\/wp\/v2\/media?parent=758"}],"curies":[{"name":"wp","href":"https:\/\/api.w.org\/{rel}","templated":true}]}}