{"id":711,"date":"2021-04-13T09:04:30","date_gmt":"2021-04-13T06:04:30","guid":{"rendered":"http:\/\/ragala.net\/ragala\/?page_id=711"},"modified":"2021-04-22T19:46:10","modified_gmt":"2021-04-22T16:46:10","slug":"levyt-14","status":"publish","type":"page","link":"https:\/\/ragala.net\/ragala\/index.php\/levyt-14\/","title":{"rendered":"Levyt #14"},"content":{"rendered":"\t\t<div data-elementor-type=\"wp-page\" data-elementor-id=\"711\" class=\"elementor elementor-711\" data-elementor-settings=\"[]\">\n\t\t\t\t\t\t<div class=\"elementor-inner\">\n\t\t\t\t\t\t\t<div class=\"elementor-section-wrap\">\n\t\t\t\t\t\t\t<section class=\"elementor-section elementor-top-section elementor-element elementor-element-5f8f22db elementor-section-boxed elementor-section-height-default elementor-section-height-default\" data-id=\"5f8f22db\" data-element_type=\"section\">\n\t\t\t\t\t\t<div class=\"elementor-container elementor-column-gap-default\">\n\t\t\t\t\t\t\t<div class=\"elementor-row\">\n\t\t\t\t\t<div class=\"elementor-column elementor-col-100 elementor-top-column elementor-element elementor-element-6e0201f4\" data-id=\"6e0201f4\" data-element_type=\"column\">\n\t\t\t<div class=\"elementor-column-wrap elementor-element-populated\">\n\t\t\t\t\t\t\t<div class=\"elementor-widget-wrap\">\n\t\t\t\t\t\t<div class=\"elementor-element elementor-element-be42b8e elementor-widget elementor-widget-heading\" data-id=\"be42b8e\" data-element_type=\"widget\" data-widget_type=\"heading.default\">\n\t\t\t\t<div class=\"elementor-widget-container\">\n\t\t\t<h2 class=\"elementor-heading-title elementor-size-default\"><h3>Aleksis Kivi<br>2010<\/h3><\/h2>\t\t<\/div>\n\t\t\t\t<\/div>\n\t\t\t\t<div class=\"elementor-element elementor-element-565948ae elementor-widget elementor-widget-text-editor\" data-id=\"565948ae\" data-element_type=\"widget\" data-widget_type=\"text-editor.default\">\n\t\t\t\t<div class=\"elementor-widget-container\">\n\t\t\t\t\t\t\t\t<div class=\"elementor-text-editor elementor-clearfix\">\n\t\t\t\t\t<p><img loading=\"lazy\" decoding=\"async\" class=\"alignnone wp-image-484 size-full\" src=\"http:\/\/ragala.net\/ragala\/wp-content\/uploads\/2021\/02\/Aleksis20Kivi20CD.gif\" alt=\"\" width=\"540\" height=\"420\" \/><\/p><p>01 Prologi(instr.)<\/p><p>02 Unelma<\/p><p>03 Oli mulla kulta kaunoinen<\/p><p>04 Keinu<\/p><p>05 Uneksuminen<\/p><p>06 Ahlqvist(instr.)<\/p><p>07 Niittu<\/p><p>08 Kaukamets\u00e4<\/p><p>09 Runoelma(piano)<\/p><p>10 Sota<\/p><p>11 \u00c4iti ja lapsi<\/p><p>12 \u00c4iti ja lapsi, 2.osa<\/p><p>13 Mets\u00e4miehen laulu<\/p><p>14 Stenvall(cello)<\/p><p>15 Suomenmaa<\/p><p>16 Impi ja ry\u00f6v\u00e4ri<\/p><p>17 Helavalkea<\/p><p>18 Olven kunniaksi<\/p><p>19 Ik\u00e4vyys<\/p><p>20 Maamme(instr.)<\/p>\t\t\t\t\t<\/div>\n\t\t\t\t\t\t<\/div>\n\t\t\t\t<\/div>\n\t\t\t\t\t\t<\/div>\n\t\t\t\t\t<\/div>\n\t\t<\/div>\n\t\t\t\t\t\t\t\t<\/div>\n\t\t\t\t\t<\/div>\n\t\t<\/section>\n\t\t\t\t\t\t<\/div>\n\t\t\t\t\t\t<\/div>\n\t\t\t\t\t<\/div>\n\t\t","protected":false},"excerpt":{"rendered":"<p>Aleksis Kivi2010 01 Prologi(instr.) 02 Unelma 03 Oli mulla kulta kaunoinen 04 Keinu 05 Uneksuminen 06 Ahlqvist(instr.) 07 Niittu 08 Kaukamets\u00e4 09 Runoelma(piano) 10 Sota 11 \u00c4iti ja lapsi 12 \u00c4iti ja lapsi, 2.osa 13 Mets\u00e4miehen laulu 14 Stenvall(cello) 15 Suomenmaa 16 Impi ja ry\u00f6v\u00e4ri 17 Helavalkea 18 Olven kunniaksi 19 Ik\u00e4vyys 20 Maamme(instr.)<\/p>\n","protected":false},"author":1,"featured_media":0,"parent":0,"menu_order":0,"comment_status":"closed","ping_status":"closed","template":"","meta":{"footnotes":""},"class_list":["post-711","page","type-page","status-publish","hentry"],"_links":{"self":[{"href":"https:\/\/ragala.net\/ragala\/index.php\/wp-json\/wp\/v2\/pages\/711","targetHints":{"allow":["GET"]}}],"collection":[{"href":"https:\/\/ragala.net\/ragala\/index.php\/wp-json\/wp\/v2\/pages"}],"about":[{"href":"https:\/\/ragala.net\/ragala\/index.php\/wp-json\/wp\/v2\/types\/page"}],"author":[{"embeddable":true,"href":"https:\/\/ragala.net\/ragala\/index.php\/wp-json\/wp\/v2\/users\/1"}],"replies":[{"embeddable":true,"href":"https:\/\/ragala.net\/ragala\/index.php\/wp-json\/wp\/v2\/comments?post=711"}],"version-history":[{"count":7,"href":"https:\/\/ragala.net\/ragala\/index.php\/wp-json\/wp\/v2\/pages\/711\/revisions"}],"predecessor-version":[{"id":915,"href":"https:\/\/ragala.net\/ragala\/index.php\/wp-json\/wp\/v2\/pages\/711\/revisions\/915"}],"wp:attachment":[{"href":"https:\/\/ragala.net\/ragala\/index.php\/wp-json\/wp\/v2\/media?parent=711"}],"curies":[{"name":"wp","href":"https:\/\/api.w.org\/{rel}","templated":true}]}}