{"id":654,"date":"2021-04-12T17:23:19","date_gmt":"2021-04-12T14:23:19","guid":{"rendered":"http:\/\/ragala.net\/ragala\/?page_id=654"},"modified":"2021-04-12T17:30:57","modified_gmt":"2021-04-12T14:30:57","slug":"levyt-10","status":"publish","type":"page","link":"https:\/\/ragala.net\/ragala\/index.php\/levyt-10\/","title":{"rendered":"Levyt #10"},"content":{"rendered":"\t\t<div data-elementor-type=\"wp-page\" data-elementor-id=\"654\" class=\"elementor elementor-654\" data-elementor-settings=\"[]\">\n\t\t\t\t\t\t<div class=\"elementor-inner\">\n\t\t\t\t\t\t\t<div class=\"elementor-section-wrap\">\n\t\t\t\t\t\t\t<section class=\"elementor-section elementor-top-section elementor-element elementor-element-3f3d6f76 elementor-section-boxed elementor-section-height-default elementor-section-height-default\" data-id=\"3f3d6f76\" data-element_type=\"section\">\n\t\t\t\t\t\t<div class=\"elementor-container elementor-column-gap-default\">\n\t\t\t\t\t\t\t<div class=\"elementor-row\">\n\t\t\t\t\t<div class=\"elementor-column elementor-col-100 elementor-top-column elementor-element elementor-element-699bb2fc\" data-id=\"699bb2fc\" data-element_type=\"column\">\n\t\t\t<div class=\"elementor-column-wrap elementor-element-populated\">\n\t\t\t\t\t\t\t<div class=\"elementor-widget-wrap\">\n\t\t\t\t\t\t<div class=\"elementor-element elementor-element-84731f1 elementor-widget elementor-widget-heading\" data-id=\"84731f1\" data-element_type=\"widget\" data-widget_type=\"heading.default\">\n\t\t\t\t<div class=\"elementor-widget-container\">\n\t\t\t<h2 class=\"elementor-heading-title elementor-size-default\">Kosketus<br>\n1997<\/h2>\t\t<\/div>\n\t\t\t\t<\/div>\n\t\t\t\t<div class=\"elementor-element elementor-element-cd52feb elementor-widget elementor-widget-text-editor\" data-id=\"cd52feb\" data-element_type=\"widget\" data-widget_type=\"text-editor.default\">\n\t\t\t\t<div class=\"elementor-widget-container\">\n\t\t\t\t\t\t\t\t<div class=\"elementor-text-editor elementor-clearfix\">\n\t\t\t\t\t<p><img loading=\"lazy\" decoding=\"async\" class=\"alignnone size-full wp-image-481\" src=\"http:\/\/ragala.net\/ragala\/wp-content\/uploads\/2021\/02\/kosketus.gif\" alt=\"\" width=\"277\" height=\"270\"><\/p>\n<p><br><\/p>\n<p>01 Rauhattoman rukous<\/p>\n<p>02 P\u00e4iv\u00e4kirja<\/p>\n<p>03 Jackson&#8217;s Song<\/p>\n<p>04 Hymy<\/p>\n<p>05 Maastamuutto<\/p>\n<p>06 Runoniekka ja esteetikko<\/p>\n<p>07 El\u00e4misest\u00e4<\/p>\n<p>08 Kosketus<\/p>\n<p>09 Preludi<\/p>\n<p>10 Tapaus<\/p>\n<p>11 Siivet saa siivet<\/p>\n<p>12 The Vieras<\/p>\n<p>13 Paljain jaloin<\/p>\n<p>14 Syd\u00e4meni runo<\/p>\n<p>15 Pakolainen<\/p>\n<p>16 Laulu ja uni<\/p>\n<p>Loppuunmyyty<\/p>\t\t\t\t\t<\/div>\n\t\t\t\t\t\t<\/div>\n\t\t\t\t<\/div>\n\t\t\t\t\t\t<\/div>\n\t\t\t\t\t<\/div>\n\t\t<\/div>\n\t\t\t\t\t\t\t\t<\/div>\n\t\t\t\t\t<\/div>\n\t\t<\/section>\n\t\t\t\t\t\t<\/div>\n\t\t\t\t\t\t<\/div>\n\t\t\t\t\t<\/div>\n\t\t","protected":false},"excerpt":{"rendered":"<p>Kosketus 1997 01 Rauhattoman rukous 02 P\u00e4iv\u00e4kirja 03 Jackson&#8217;s Song 04 Hymy 05 Maastamuutto 06 Runoniekka ja esteetikko 07 El\u00e4misest\u00e4 08 Kosketus 09 Preludi 10 Tapaus 11 Siivet saa siivet 12 The Vieras 13 Paljain jaloin 14 Syd\u00e4meni runo 15 Pakolainen 16 Laulu ja uni Loppuunmyyty<\/p>\n","protected":false},"author":1,"featured_media":0,"parent":0,"menu_order":0,"comment_status":"closed","ping_status":"closed","template":"","meta":{"footnotes":""},"class_list":["post-654","page","type-page","status-publish","hentry"],"_links":{"self":[{"href":"https:\/\/ragala.net\/ragala\/index.php\/wp-json\/wp\/v2\/pages\/654","targetHints":{"allow":["GET"]}}],"collection":[{"href":"https:\/\/ragala.net\/ragala\/index.php\/wp-json\/wp\/v2\/pages"}],"about":[{"href":"https:\/\/ragala.net\/ragala\/index.php\/wp-json\/wp\/v2\/types\/page"}],"author":[{"embeddable":true,"href":"https:\/\/ragala.net\/ragala\/index.php\/wp-json\/wp\/v2\/users\/1"}],"replies":[{"embeddable":true,"href":"https:\/\/ragala.net\/ragala\/index.php\/wp-json\/wp\/v2\/comments?post=654"}],"version-history":[{"count":10,"href":"https:\/\/ragala.net\/ragala\/index.php\/wp-json\/wp\/v2\/pages\/654\/revisions"}],"predecessor-version":[{"id":664,"href":"https:\/\/ragala.net\/ragala\/index.php\/wp-json\/wp\/v2\/pages\/654\/revisions\/664"}],"wp:attachment":[{"href":"https:\/\/ragala.net\/ragala\/index.php\/wp-json\/wp\/v2\/media?parent=654"}],"curies":[{"name":"wp","href":"https:\/\/api.w.org\/{rel}","templated":true}]}}