{"id":635,"date":"2021-04-12T16:26:55","date_gmt":"2021-04-12T13:26:55","guid":{"rendered":"http:\/\/ragala.net\/ragala\/?page_id=635"},"modified":"2021-04-22T20:18:36","modified_gmt":"2021-04-22T17:18:36","slug":"levyt-8","status":"publish","type":"page","link":"https:\/\/ragala.net\/ragala\/index.php\/levyt-8\/","title":{"rendered":"Levyt #8"},"content":{"rendered":"\t\t<div data-elementor-type=\"wp-page\" data-elementor-id=\"635\" class=\"elementor elementor-635\" data-elementor-settings=\"[]\">\n\t\t\t\t\t\t<div class=\"elementor-inner\">\n\t\t\t\t\t\t\t<div class=\"elementor-section-wrap\">\n\t\t\t\t\t\t\t<section class=\"elementor-section elementor-top-section elementor-element elementor-element-45c90110 elementor-section-boxed elementor-section-height-default elementor-section-height-default\" data-id=\"45c90110\" data-element_type=\"section\">\n\t\t\t\t\t\t<div class=\"elementor-container elementor-column-gap-default\">\n\t\t\t\t\t\t\t<div class=\"elementor-row\">\n\t\t\t\t\t<div class=\"elementor-column elementor-col-100 elementor-top-column elementor-element elementor-element-7ab2b62\" data-id=\"7ab2b62\" data-element_type=\"column\">\n\t\t\t<div class=\"elementor-column-wrap elementor-element-populated\">\n\t\t\t\t\t\t\t<div class=\"elementor-widget-wrap\">\n\t\t\t\t\t\t<div class=\"elementor-element elementor-element-5f94e4d elementor-widget elementor-widget-heading\" data-id=\"5f94e4d\" data-element_type=\"widget\" data-widget_type=\"heading.default\">\n\t\t\t\t<div class=\"elementor-widget-container\">\n\t\t\t<h1 class=\"elementor-heading-title elementor-size-default\">Alexis Kivi<br>1992<\/h1>\t\t<\/div>\n\t\t\t\t<\/div>\n\t\t\t\t<div class=\"elementor-element elementor-element-1be90e9 elementor-widget elementor-widget-text-editor\" data-id=\"1be90e9\" data-element_type=\"widget\" data-widget_type=\"text-editor.default\">\n\t\t\t\t<div class=\"elementor-widget-container\">\n\t\t\t\t\t\t\t\t<div class=\"elementor-text-editor elementor-clearfix\">\n\t\t\t\t\t<p><img loading=\"lazy\" decoding=\"async\" class=\"alignnone size-full wp-image-479\" src=\"http:\/\/ragala.net\/ragala\/wp-content\/uploads\/2021\/02\/Alexis20Kivi.gif\" alt=\"\" width=\"279\" height=\"270\" \/><\/p><p>01 Keinu<\/p><audio class=\"wp-audio-shortcode\" id=\"audio-635-1\" preload=\"none\" style=\"width: 100%;\" controls=\"controls\"><source type=\"audio\/mpeg\" src=\"http:\/\/ragala.net\/ragala\/wp-content\/uploads\/2021\/04\/keinu.mp3?_=1\" \/><a href=\"http:\/\/ragala.net\/ragala\/wp-content\/uploads\/2021\/04\/keinu.mp3\">http:\/\/ragala.net\/ragala\/wp-content\/uploads\/2021\/04\/keinu.mp3<\/a><\/audio><p>02 \u00c4iti ja lapsi osa 1<br \/>03 \u00c4iti ja lapsi osa 2<br \/>04 Olven kunniaksi<br \/>05 Ik\u00e4vyys<br \/>06 Uneksuminen<br \/>07 Suomenmaa<br \/>08 Oli mulla kulta kaunoinen<br \/>09 Sota<br \/>10 Kaukamets\u00e4<br \/>11 Niittu<br \/>12 Helavalkea<br \/>13 Unelma<\/p>\t\t\t\t\t<\/div>\n\t\t\t\t\t\t<\/div>\n\t\t\t\t<\/div>\n\t\t\t\t\t\t<\/div>\n\t\t\t\t\t<\/div>\n\t\t<\/div>\n\t\t\t\t\t\t\t\t<\/div>\n\t\t\t\t\t<\/div>\n\t\t<\/section>\n\t\t\t\t\t\t<\/div>\n\t\t\t\t\t\t<\/div>\n\t\t\t\t\t<\/div>\n\t\t","protected":false},"excerpt":{"rendered":"<p>Alexis Kivi1992 01 Keinu 02 \u00c4iti ja lapsi osa 103 \u00c4iti ja lapsi osa 204 Olven kunniaksi05 Ik\u00e4vyys06 Uneksuminen07 Suomenmaa08 Oli mulla kulta kaunoinen09 Sota10 Kaukamets\u00e411 Niittu12 Helavalkea13 Unelma<\/p>\n","protected":false},"author":1,"featured_media":0,"parent":0,"menu_order":0,"comment_status":"closed","ping_status":"closed","template":"","meta":{"footnotes":""},"class_list":["post-635","page","type-page","status-publish","hentry"],"_links":{"self":[{"href":"https:\/\/ragala.net\/ragala\/index.php\/wp-json\/wp\/v2\/pages\/635","targetHints":{"allow":["GET"]}}],"collection":[{"href":"https:\/\/ragala.net\/ragala\/index.php\/wp-json\/wp\/v2\/pages"}],"about":[{"href":"https:\/\/ragala.net\/ragala\/index.php\/wp-json\/wp\/v2\/types\/page"}],"author":[{"embeddable":true,"href":"https:\/\/ragala.net\/ragala\/index.php\/wp-json\/wp\/v2\/users\/1"}],"replies":[{"embeddable":true,"href":"https:\/\/ragala.net\/ragala\/index.php\/wp-json\/wp\/v2\/comments?post=635"}],"version-history":[{"count":13,"href":"https:\/\/ragala.net\/ragala\/index.php\/wp-json\/wp\/v2\/pages\/635\/revisions"}],"predecessor-version":[{"id":966,"href":"https:\/\/ragala.net\/ragala\/index.php\/wp-json\/wp\/v2\/pages\/635\/revisions\/966"}],"wp:attachment":[{"href":"https:\/\/ragala.net\/ragala\/index.php\/wp-json\/wp\/v2\/media?parent=635"}],"curies":[{"name":"wp","href":"https:\/\/api.w.org\/{rel}","templated":true}]}}