{"id":616,"date":"2021-04-12T16:05:59","date_gmt":"2021-04-12T13:05:59","guid":{"rendered":"http:\/\/ragala.net\/ragala\/?page_id=616"},"modified":"2021-04-22T20:12:52","modified_gmt":"2021-04-22T17:12:52","slug":"levyt-6","status":"publish","type":"page","link":"https:\/\/ragala.net\/ragala\/index.php\/levyt-6\/","title":{"rendered":"Levyt #6"},"content":{"rendered":"\t\t<div data-elementor-type=\"wp-page\" data-elementor-id=\"616\" class=\"elementor elementor-616\" data-elementor-settings=\"[]\">\n\t\t\t\t\t\t<div class=\"elementor-inner\">\n\t\t\t\t\t\t\t<div class=\"elementor-section-wrap\">\n\t\t\t\t\t\t\t<section class=\"elementor-section elementor-top-section elementor-element elementor-element-1ca586b elementor-section-boxed elementor-section-height-default elementor-section-height-default\" data-id=\"1ca586b\" data-element_type=\"section\" data-settings=\"{&quot;background_background&quot;:&quot;classic&quot;}\">\n\t\t\t\t\t\t\t<div class=\"elementor-background-overlay\"><\/div>\n\t\t\t\t\t\t\t<div class=\"elementor-container elementor-column-gap-default\">\n\t\t\t\t\t\t\t<div class=\"elementor-row\">\n\t\t\t\t\t<div class=\"elementor-column elementor-col-100 elementor-top-column elementor-element elementor-element-efbec0a\" data-id=\"efbec0a\" data-element_type=\"column\">\n\t\t\t<div class=\"elementor-column-wrap elementor-element-populated\">\n\t\t\t\t\t\t\t<div class=\"elementor-widget-wrap\">\n\t\t\t\t\t\t<div class=\"elementor-element elementor-element-a84f7ef elementor-widget elementor-widget-heading\" data-id=\"a84f7ef\" data-element_type=\"widget\" data-widget_type=\"heading.default\">\n\t\t\t\t<div class=\"elementor-widget-container\">\n\t\t\t<h2 class=\"elementor-heading-title elementor-size-default\">Prinsessan testamentti<br>&nbsp; &nbsp;1989<\/h2>\t\t<\/div>\n\t\t\t\t<\/div>\n\t\t\t\t<div class=\"elementor-element elementor-element-8ed372f elementor-widget elementor-widget-image\" data-id=\"8ed372f\" data-element_type=\"widget\" data-widget_type=\"image.default\">\n\t\t\t\t<div class=\"elementor-widget-container\">\n\t\t\t\t\t\t\t\t<div class=\"elementor-image\">\n\t\t\t\t\t\t\t\t\t\t\t\t<img loading=\"lazy\" decoding=\"async\" width=\"279\" height=\"270\" src=\"https:\/\/ragala.net\/ragala\/wp-content\/uploads\/2021\/02\/testamentti.gif\" class=\"attachment-large size-large\" alt=\"\" \/>\t\t\t\t\t\t\t\t\t\t\t\t\t\t<\/div>\n\t\t\t\t\t\t<\/div>\n\t\t\t\t<\/div>\n\t\t\t\t<div class=\"elementor-element elementor-element-830b9d2 elementor-widget elementor-widget-text-editor\" data-id=\"830b9d2\" data-element_type=\"widget\" data-widget_type=\"text-editor.default\">\n\t\t\t\t<div class=\"elementor-widget-container\">\n\t\t\t\t\t\t\t\t<div class=\"elementor-text-editor elementor-clearfix\">\n\t\t\t\t\t<p>01 Tuhottu lapsi\u00a0\u00a0<\/p><p><span style=\"font-family: var( --e-global-typography-text-font-family ), Sans-serif; font-weight: var( --e-global-typography-text-font-weight );\">02 Unta prinsessan<\/span><\/p><p><span style=\"font-family: var( --e-global-typography-text-font-family ), Sans-serif; font-weight: var( --e-global-typography-text-font-weight );\">03 H\u00e4n on taas tripill\u00e4\u00e4n<\/span><\/p><audio class=\"wp-audio-shortcode\" id=\"audio-616-1\" preload=\"none\" style=\"width: 100%;\" controls=\"controls\"><source type=\"audio\/mpeg\" src=\"http:\/\/ragala.net\/ragala\/wp-content\/uploads\/2021\/04\/Han-on-taas-tripillaan.mp3?_=1\" \/><a href=\"http:\/\/ragala.net\/ragala\/wp-content\/uploads\/2021\/04\/Han-on-taas-tripillaan.mp3\">http:\/\/ragala.net\/ragala\/wp-content\/uploads\/2021\/04\/Han-on-taas-tripillaan.mp3<\/a><\/audio><p><span style=\"font-family: var( --e-global-typography-text-font-family ), Sans-serif; font-weight: var( --e-global-typography-text-font-weight );\">04 Kortteja prinsessan haudalla<\/span><\/p><p><span style=\"font-family: var( --e-global-typography-text-font-family ), Sans-serif; font-weight: var( --e-global-typography-text-font-weight );\">05 Olin viel\u00e4 eilen hereill\u00e4<\/span><\/p><audio class=\"wp-audio-shortcode\" id=\"audio-616-2\" preload=\"none\" style=\"width: 100%;\" controls=\"controls\"><source type=\"audio\/mpeg\" src=\"http:\/\/ragala.net\/ragala\/wp-content\/uploads\/2021\/04\/Olin-viela-eilen-hereilla.mp3?_=2\" \/><a href=\"http:\/\/ragala.net\/ragala\/wp-content\/uploads\/2021\/04\/Olin-viela-eilen-hereilla.mp3\">http:\/\/ragala.net\/ragala\/wp-content\/uploads\/2021\/04\/Olin-viela-eilen-hereilla.mp3<\/a><\/audio><p><span style=\"font-family: var( --e-global-typography-text-font-family ), Sans-serif; font-weight: var( --e-global-typography-text-font-weight );\">06 H\u00f6yhen ja huumeet<\/span><\/p><p><span style=\"font-family: var( --e-global-typography-text-font-family ), Sans-serif; font-weight: var( --e-global-typography-text-font-weight );\">07 \u00c4l\u00e4 kadota el\u00e4m\u00e4\u00e4<\/span><\/p><p><span style=\"font-family: var( --e-global-typography-text-font-family ), Sans-serif; font-weight: var( --e-global-typography-text-font-weight );\">08 Narkomaanin rukous<\/span><\/p><p><span style=\"font-family: var( --e-global-typography-text-font-family ), Sans-serif; font-weight: var( --e-global-typography-text-font-weight );\">09 Huumeiden aika<\/span><\/p><p><span style=\"font-family: var( --e-global-typography-text-font-family ), Sans-serif; font-weight: var( --e-global-typography-text-font-weight );\">10 Kierre<\/span><\/p><p><span style=\"font-family: var( --e-global-typography-text-font-family ), Sans-serif; font-weight: var( --e-global-typography-text-font-weight );\">11 Savujen maa<\/span><\/p><p><span style=\"font-family: var( --e-global-typography-text-font-family ), Sans-serif; font-weight: var( --e-global-typography-text-font-weight );\">12 Himojensa orja<\/span><\/p><p><span style=\"font-family: var( --e-global-typography-text-font-family ), Sans-serif; font-weight: var( --e-global-typography-text-font-weight );\">13 Ison virran opetus<\/span><\/p><p><span style=\"font-family: var( --e-global-typography-text-font-family ), Sans-serif; font-weight: var( --e-global-typography-text-font-weight );\">14 Lopuksi<\/span><\/p><p><span style=\"font-family: var( --e-global-typography-text-font-family ), Sans-serif; font-weight: var( --e-global-typography-text-font-weight );\">15 Pakolainen<\/span><\/p>\t\t\t\t\t<\/div>\n\t\t\t\t\t\t<\/div>\n\t\t\t\t<\/div>\n\t\t\t\t\t\t<\/div>\n\t\t\t\t\t<\/div>\n\t\t<\/div>\n\t\t\t\t\t\t\t\t<\/div>\n\t\t\t\t\t<\/div>\n\t\t<\/section>\n\t\t\t\t\t\t<\/div>\n\t\t\t\t\t\t<\/div>\n\t\t\t\t\t<\/div>\n\t\t","protected":false},"excerpt":{"rendered":"<p>Prinsessan testamentti&nbsp; &nbsp;1989 01 Tuhottu lapsi\u00a0\u00a0 02 Unta prinsessan 03 H\u00e4n on taas tripill\u00e4\u00e4n 04 Kortteja prinsessan haudalla 05 Olin viel\u00e4 eilen hereill\u00e4 06 H\u00f6yhen ja huumeet 07 \u00c4l\u00e4 kadota el\u00e4m\u00e4\u00e4 08 Narkomaanin rukous 09 Huumeiden aika 10 Kierre 11 Savujen maa 12 Himojensa orja 13 Ison virran opetus 14 Lopuksi 15 Pakolainen<\/p>\n","protected":false},"author":1,"featured_media":0,"parent":0,"menu_order":0,"comment_status":"closed","ping_status":"closed","template":"","meta":{"footnotes":""},"class_list":["post-616","page","type-page","status-publish","hentry"],"_links":{"self":[{"href":"https:\/\/ragala.net\/ragala\/index.php\/wp-json\/wp\/v2\/pages\/616","targetHints":{"allow":["GET"]}}],"collection":[{"href":"https:\/\/ragala.net\/ragala\/index.php\/wp-json\/wp\/v2\/pages"}],"about":[{"href":"https:\/\/ragala.net\/ragala\/index.php\/wp-json\/wp\/v2\/types\/page"}],"author":[{"embeddable":true,"href":"https:\/\/ragala.net\/ragala\/index.php\/wp-json\/wp\/v2\/users\/1"}],"replies":[{"embeddable":true,"href":"https:\/\/ragala.net\/ragala\/index.php\/wp-json\/wp\/v2\/comments?post=616"}],"version-history":[{"count":13,"href":"https:\/\/ragala.net\/ragala\/index.php\/wp-json\/wp\/v2\/pages\/616\/revisions"}],"predecessor-version":[{"id":957,"href":"https:\/\/ragala.net\/ragala\/index.php\/wp-json\/wp\/v2\/pages\/616\/revisions\/957"}],"wp:attachment":[{"href":"https:\/\/ragala.net\/ragala\/index.php\/wp-json\/wp\/v2\/media?parent=616"}],"curies":[{"name":"wp","href":"https:\/\/api.w.org\/{rel}","templated":true}]}}