{"id":600,"date":"2021-04-12T15:35:20","date_gmt":"2021-04-12T12:35:20","guid":{"rendered":"http:\/\/ragala.net\/ragala\/?page_id=600"},"modified":"2021-04-22T20:09:59","modified_gmt":"2021-04-22T17:09:59","slug":"levyt-4","status":"publish","type":"page","link":"https:\/\/ragala.net\/ragala\/index.php\/levyt-4\/","title":{"rendered":"Levyt #4"},"content":{"rendered":"\t\t<div data-elementor-type=\"wp-page\" data-elementor-id=\"600\" class=\"elementor elementor-600\" data-elementor-settings=\"[]\">\n\t\t\t\t\t\t<div class=\"elementor-inner\">\n\t\t\t\t\t\t\t<div class=\"elementor-section-wrap\">\n\t\t\t\t\t\t\t<section class=\"elementor-section elementor-top-section elementor-element elementor-element-4d45f968 elementor-section-boxed elementor-section-height-default elementor-section-height-default\" data-id=\"4d45f968\" data-element_type=\"section\">\n\t\t\t\t\t\t<div class=\"elementor-container elementor-column-gap-default\">\n\t\t\t\t\t\t\t<div class=\"elementor-row\">\n\t\t\t\t\t<div class=\"elementor-column elementor-col-100 elementor-top-column elementor-element elementor-element-2bbeb132\" data-id=\"2bbeb132\" data-element_type=\"column\">\n\t\t\t<div class=\"elementor-column-wrap elementor-element-populated\">\n\t\t\t\t\t\t\t<div class=\"elementor-widget-wrap\">\n\t\t\t\t\t\t<div class=\"elementor-element elementor-element-aa5a3f6 elementor-widget elementor-widget-heading\" data-id=\"aa5a3f6\" data-element_type=\"widget\" data-widget_type=\"heading.default\">\n\t\t\t\t<div class=\"elementor-widget-container\">\n\t\t\t<h2 class=\"elementor-heading-title elementor-size-default\">Matti Rag Paananen Lauluja<br>solistina Anneli Saaristo<br>1982<\/h2>\t\t<\/div>\n\t\t\t\t<\/div>\n\t\t\t\t<div class=\"elementor-element elementor-element-60d749e6 elementor-widget elementor-widget-text-editor\" data-id=\"60d749e6\" data-element_type=\"widget\" data-widget_type=\"text-editor.default\">\n\t\t\t\t<div class=\"elementor-widget-container\">\n\t\t\t\t\t\t\t\t<div class=\"elementor-text-editor elementor-clearfix\">\n\t\t\t\t\t<p><img loading=\"lazy\" decoding=\"async\" class=\"alignnone size-medium wp-image-475\" src=\"http:\/\/ragala.net\/ragala\/wp-content\/uploads\/2021\/02\/lauluja20rag-300x300.jpg\" alt=\"\" width=\"300\" height=\"300\" srcset=\"https:\/\/ragala.net\/ragala\/wp-content\/uploads\/2021\/02\/lauluja20rag.jpg 300w, https:\/\/ragala.net\/ragala\/wp-content\/uploads\/2021\/02\/lauluja20rag-150x150.jpg 150w, https:\/\/ragala.net\/ragala\/wp-content\/uploads\/2021\/02\/lauluja20rag-100x100.jpg 100w, https:\/\/ragala.net\/ragala\/wp-content\/uploads\/2021\/02\/lauluja20rag-200x200.jpg 200w\" sizes=\"auto, (max-width: 300px) 100vw, 300px\" \/><\/p><p>A puoli<br \/>01 Tuhlaajat<br \/>02 Laineen Yk\u00e4n surumarssi<br \/>03 T\u00e4m\u00e4 lauluni muista<br \/>04 Otto 3.sinfoniasta<br \/>05 Luurankovalssi<br \/>06 Valkoinen valo<br \/>07 Pieni episodi<br \/>08 Viulu<\/p><p>B puoli<br \/>01 Tanssi<br \/>02 Yll\u00e4tys<br \/>03 Casida itkusta<br \/>04 Adam<br \/>05 Vaskoolisinfonia: Teema 1.osasta<br \/>06 Laulu<br \/>07 Hotelli Huminan lauluja<\/p>\t\t\t\t\t<\/div>\n\t\t\t\t\t\t<\/div>\n\t\t\t\t<\/div>\n\t\t\t\t\t\t<\/div>\n\t\t\t\t\t<\/div>\n\t\t<\/div>\n\t\t\t\t\t\t\t\t<\/div>\n\t\t\t\t\t<\/div>\n\t\t<\/section>\n\t\t\t\t\t\t<\/div>\n\t\t\t\t\t\t<\/div>\n\t\t\t\t\t<\/div>\n\t\t","protected":false},"excerpt":{"rendered":"<p>Matti Rag Paananen Laulujasolistina Anneli Saaristo1982 A puoli01 Tuhlaajat02 Laineen Yk\u00e4n surumarssi03 T\u00e4m\u00e4 lauluni muista04 Otto 3.sinfoniasta05 Luurankovalssi06 Valkoinen valo07 Pieni episodi08 Viulu B puoli01 Tanssi02 Yll\u00e4tys03 Casida itkusta04 Adam05 Vaskoolisinfonia: Teema 1.osasta06 Laulu07 Hotelli Huminan lauluja<\/p>\n","protected":false},"author":1,"featured_media":0,"parent":0,"menu_order":0,"comment_status":"closed","ping_status":"closed","template":"","meta":{"footnotes":""},"class_list":["post-600","page","type-page","status-publish","hentry"],"_links":{"self":[{"href":"https:\/\/ragala.net\/ragala\/index.php\/wp-json\/wp\/v2\/pages\/600","targetHints":{"allow":["GET"]}}],"collection":[{"href":"https:\/\/ragala.net\/ragala\/index.php\/wp-json\/wp\/v2\/pages"}],"about":[{"href":"https:\/\/ragala.net\/ragala\/index.php\/wp-json\/wp\/v2\/types\/page"}],"author":[{"embeddable":true,"href":"https:\/\/ragala.net\/ragala\/index.php\/wp-json\/wp\/v2\/users\/1"}],"replies":[{"embeddable":true,"href":"https:\/\/ragala.net\/ragala\/index.php\/wp-json\/wp\/v2\/comments?post=600"}],"version-history":[{"count":7,"href":"https:\/\/ragala.net\/ragala\/index.php\/wp-json\/wp\/v2\/pages\/600\/revisions"}],"predecessor-version":[{"id":951,"href":"https:\/\/ragala.net\/ragala\/index.php\/wp-json\/wp\/v2\/pages\/600\/revisions\/951"}],"wp:attachment":[{"href":"https:\/\/ragala.net\/ragala\/index.php\/wp-json\/wp\/v2\/media?parent=600"}],"curies":[{"name":"wp","href":"https:\/\/api.w.org\/{rel}","templated":true}]}}