{"id":585,"date":"2021-04-11T17:07:44","date_gmt":"2021-04-11T14:07:44","guid":{"rendered":"http:\/\/ragala.net\/ragala\/?page_id=585"},"modified":"2021-04-22T19:58:21","modified_gmt":"2021-04-22T16:58:21","slug":"levyt-2","status":"publish","type":"page","link":"https:\/\/ragala.net\/ragala\/index.php\/levyt-2\/","title":{"rendered":"Levyt #2"},"content":{"rendered":"\t\t<div data-elementor-type=\"wp-page\" data-elementor-id=\"585\" class=\"elementor elementor-585\" data-elementor-settings=\"[]\">\n\t\t\t\t\t\t<div class=\"elementor-inner\">\n\t\t\t\t\t\t\t<div class=\"elementor-section-wrap\">\n\t\t\t\t\t\t\t<section class=\"elementor-section elementor-top-section elementor-element elementor-element-7bf14a0d elementor-section-boxed elementor-section-height-default elementor-section-height-default\" data-id=\"7bf14a0d\" data-element_type=\"section\">\n\t\t\t\t\t\t<div class=\"elementor-container elementor-column-gap-default\">\n\t\t\t\t\t\t\t<div class=\"elementor-row\">\n\t\t\t\t\t<div class=\"elementor-column elementor-col-100 elementor-top-column elementor-element elementor-element-3847e909\" data-id=\"3847e909\" data-element_type=\"column\">\n\t\t\t<div class=\"elementor-column-wrap elementor-element-populated\">\n\t\t\t\t\t\t\t<div class=\"elementor-widget-wrap\">\n\t\t\t\t\t\t<div class=\"elementor-element elementor-element-55666a3 elementor-widget elementor-widget-heading\" data-id=\"55666a3\" data-element_type=\"widget\" data-widget_type=\"heading.default\">\n\t\t\t\t<div class=\"elementor-widget-container\">\n\t\t\t<h2 class=\"elementor-heading-title elementor-size-default\"><h2>Metallikirjasto 2007<\/h2><h2>Suomi-progen ennen julkaisematon klassikko 70-luvulta<\/h2><\/h2>\t\t<\/div>\n\t\t\t\t<\/div>\n\t\t\t\t<div class=\"elementor-element elementor-element-7247fb17 elementor-widget elementor-widget-text-editor\" data-id=\"7247fb17\" data-element_type=\"widget\" data-widget_type=\"text-editor.default\">\n\t\t\t\t<div class=\"elementor-widget-container\">\n\t\t\t\t\t\t\t\t<div class=\"elementor-text-editor elementor-clearfix\">\n\t\t\t\t\t<p><img loading=\"lazy\" decoding=\"async\" class=\"alignnone size-full wp-image-472\" src=\"http:\/\/ragala.net\/ragala\/wp-content\/uploads\/2021\/02\/metallikirjasto20kansi20p.jpg\" alt=\"\" width=\"273\" height=\"270\" srcset=\"https:\/\/ragala.net\/ragala\/wp-content\/uploads\/2021\/02\/metallikirjasto20kansi20p.jpg 273w, https:\/\/ragala.net\/ragala\/wp-content\/uploads\/2021\/02\/metallikirjasto20kansi20p-100x100.jpg 100w\" sizes=\"auto, (max-width: 273px) 100vw, 273px\" \/><\/p><p><b style=\"color: #; font-family: Tinos; font-size: medium;\">01 Pahuuden joki<\/b><\/p><p><b style=\"color: #; font-family: Tinos; font-size: medium;\">02 Myrkyllinen helvetti<\/b><\/p><p><b style=\"color: #; font-family: Tinos; font-size: medium;\">03 L\u00f6yhk\u00e4\u00e4v\u00e4 v\u00e4lin\u00e4yt\u00f6s<\/b><\/p><p><b style=\"color: #; font-family: Tinos; font-size: medium;\">04 Kovanonnen lapsi<\/b><\/p><p><b style=\"color: #; font-family: Tinos; font-size: medium;\">05 Mustin maanosa<\/b><\/p><audio class=\"wp-audio-shortcode\" id=\"audio-585-1\" preload=\"none\" style=\"width: 100%;\" controls=\"controls\"><source type=\"audio\/mpeg\" src=\"http:\/\/ragala.net\/ragala\/wp-content\/uploads\/2021\/04\/mustin-maanosa.mp3?_=1\" \/><a href=\"http:\/\/ragala.net\/ragala\/wp-content\/uploads\/2021\/04\/mustin-maanosa.mp3\">http:\/\/ragala.net\/ragala\/wp-content\/uploads\/2021\/04\/mustin-maanosa.mp3<\/a><\/audio><p><b style=\"font-size: medium; color: #; font-family: Tinos;\">06 Metallikirjasto<\/b><\/p><audio class=\"wp-audio-shortcode\" id=\"audio-585-2\" preload=\"none\" style=\"width: 100%;\" controls=\"controls\"><source type=\"audio\/mpeg\" src=\"http:\/\/ragala.net\/ragala\/wp-content\/uploads\/2021\/04\/metallikirjasto.mp3?_=2\" \/><a href=\"http:\/\/ragala.net\/ragala\/wp-content\/uploads\/2021\/04\/metallikirjasto.mp3\">http:\/\/ragala.net\/ragala\/wp-content\/uploads\/2021\/04\/metallikirjasto.mp3<\/a><\/audio><p><b style=\"color: #; font-family: Tinos; font-size: medium;\">07 Kivijumala<\/b><\/p>\t\t\t\t\t<\/div>\n\t\t\t\t\t\t<\/div>\n\t\t\t\t<\/div>\n\t\t\t\t\t\t<\/div>\n\t\t\t\t\t<\/div>\n\t\t<\/div>\n\t\t\t\t\t\t\t\t<\/div>\n\t\t\t\t\t<\/div>\n\t\t<\/section>\n\t\t\t\t\t\t<\/div>\n\t\t\t\t\t\t<\/div>\n\t\t\t\t\t<\/div>\n\t\t","protected":false},"excerpt":{"rendered":"<p>Metallikirjasto 2007 Suomi-progen ennen julkaisematon klassikko 70-luvulta 01 Pahuuden joki 02 Myrkyllinen helvetti 03 L\u00f6yhk\u00e4\u00e4v\u00e4 v\u00e4lin\u00e4yt\u00f6s 04 Kovanonnen lapsi 05 Mustin maanosa 06 Metallikirjasto 07 Kivijumala<\/p>\n","protected":false},"author":1,"featured_media":0,"parent":0,"menu_order":0,"comment_status":"closed","ping_status":"closed","template":"","meta":{"footnotes":""},"class_list":["post-585","page","type-page","status-publish","hentry"],"_links":{"self":[{"href":"https:\/\/ragala.net\/ragala\/index.php\/wp-json\/wp\/v2\/pages\/585","targetHints":{"allow":["GET"]}}],"collection":[{"href":"https:\/\/ragala.net\/ragala\/index.php\/wp-json\/wp\/v2\/pages"}],"about":[{"href":"https:\/\/ragala.net\/ragala\/index.php\/wp-json\/wp\/v2\/types\/page"}],"author":[{"embeddable":true,"href":"https:\/\/ragala.net\/ragala\/index.php\/wp-json\/wp\/v2\/users\/1"}],"replies":[{"embeddable":true,"href":"https:\/\/ragala.net\/ragala\/index.php\/wp-json\/wp\/v2\/comments?post=585"}],"version-history":[{"count":18,"href":"https:\/\/ragala.net\/ragala\/index.php\/wp-json\/wp\/v2\/pages\/585\/revisions"}],"predecessor-version":[{"id":942,"href":"https:\/\/ragala.net\/ragala\/index.php\/wp-json\/wp\/v2\/pages\/585\/revisions\/942"}],"wp:attachment":[{"href":"https:\/\/ragala.net\/ragala\/index.php\/wp-json\/wp\/v2\/media?parent=585"}],"curies":[{"name":"wp","href":"https:\/\/api.w.org\/{rel}","templated":true}]}}