{"id":5,"date":"2020-11-27T11:21:22","date_gmt":"2020-11-27T09:21:22","guid":{"rendered":"http:\/\/ragala.net\/ragala\/?page_id=5"},"modified":"2025-12-05T22:03:32","modified_gmt":"2025-12-05T20:03:32","slug":"tervetuloa-virtuaali-ragalaan","status":"publish","type":"page","link":"https:\/\/ragala.net\/ragala\/","title":{"rendered":"TERVETULOA VIRTUAALI RAGALAAN"},"content":{"rendered":"\t\t<div data-elementor-type=\"wp-page\" data-elementor-id=\"5\" class=\"elementor elementor-5\" data-elementor-settings=\"[]\">\n\t\t\t\t\t\t<div class=\"elementor-inner\">\n\t\t\t\t\t\t\t<div class=\"elementor-section-wrap\">\n\t\t\t\t\t\t\t<section class=\"elementor-section elementor-top-section elementor-element elementor-element-5793b12b elementor-section-boxed elementor-section-height-default elementor-section-height-default\" data-id=\"5793b12b\" data-element_type=\"section\">\n\t\t\t\t\t\t<div class=\"elementor-container elementor-column-gap-default\">\n\t\t\t\t\t\t\t<div class=\"elementor-row\">\n\t\t\t\t\t<div class=\"elementor-column elementor-col-100 elementor-top-column elementor-element elementor-element-449d6c2c\" data-id=\"449d6c2c\" data-element_type=\"column\">\n\t\t\t<div class=\"elementor-column-wrap elementor-element-populated\">\n\t\t\t\t\t\t\t<div class=\"elementor-widget-wrap\">\n\t\t\t\t\t\t<div class=\"elementor-element elementor-element-aa05c71 elementor-widget elementor-widget-image\" data-id=\"aa05c71\" data-element_type=\"widget\" data-widget_type=\"image.default\">\n\t\t\t\t<div class=\"elementor-widget-container\">\n\t\t\t\t\t\t\t\t<div class=\"elementor-image\">\n\t\t\t\t\t\t\t\t\t\t\t\t<img loading=\"lazy\" decoding=\"async\" width=\"300\" height=\"167\" src=\"https:\/\/ragala.net\/ragala\/wp-content\/uploads\/2020\/11\/cropped-virturagala-300x167.jpg\" class=\"attachment-medium size-medium\" alt=\"\" srcset=\"https:\/\/ragala.net\/ragala\/wp-content\/uploads\/2020\/11\/cropped-virturagala-300x167.jpg 300w, https:\/\/ragala.net\/ragala\/wp-content\/uploads\/2020\/11\/cropped-virturagala-1024x571.jpg 1024w, https:\/\/ragala.net\/ragala\/wp-content\/uploads\/2020\/11\/cropped-virturagala-768x428.jpg 768w, https:\/\/ragala.net\/ragala\/wp-content\/uploads\/2020\/11\/cropped-virturagala-850x474.jpg 850w, https:\/\/ragala.net\/ragala\/wp-content\/uploads\/2020\/11\/cropped-virturagala.jpg 1109w\" sizes=\"auto, (max-width: 300px) 100vw, 300px\" \/>\t\t\t\t\t\t\t\t\t\t\t\t\t\t<\/div>\n\t\t\t\t\t\t<\/div>\n\t\t\t\t<\/div>\n\t\t\t\t<div class=\"elementor-element elementor-element-0f474bf elementor-widget-divider--view-line_icon elementor-widget-divider--separator-type-pattern elementor-widget-divider--no-spacing elementor-view-default elementor-widget-divider--element-align-center elementor-widget elementor-widget-divider\" data-id=\"0f474bf\" data-element_type=\"widget\" data-widget_type=\"divider.default\">\n\t\t\t\t<div class=\"elementor-widget-container\">\n\t\t\t\t\t<div class=\"elementor-divider\" style=\"--divider-pattern-url: url(&quot;data:image\/svg+xml,%3Csvg xmlns=&#039;http:\/\/www.w3.org\/2000\/svg&#039; preserveAspectRatio=&#039;xMidYMid meet&#039; overflow=&#039;visible&#039; height=&#039;100%&#039; viewBox=&#039;0 0 126 26&#039; fill=&#039;black&#039; stroke=&#039;none&#039;%3E%3Cpath d=&#039;M46.8,7.8v11.5L36,18.6V7.8H46.8z M82.4,7.8L84,18.6l-12,0.7L70.4,7.8H82.4z M0,7.8l12,0.9v9.9H1.3L0,7.8z M30,7.8v10.8H19L18,7.8H30z M63.7,7.8L66,18.6H54V9.5L63.7,7.8z M89.8,7L102,7.8v10.8H91.2L89.8,7zM108,7.8l12,0.9v8.9l-12,1V7.8z&#039;\/%3E%3C\/svg%3E&quot;);\">\n\t\t\t<span class=\"elementor-divider-separator\">\n\t\t\t\t\t\t\t<div class=\"elementor-icon elementor-divider__element\">\n\t\t\t\t\t<i aria-hidden=\"true\" class=\"fas fa-star\"><\/i><\/div>\n\t\t\t\t\t\t<\/span>\n\t\t<\/div>\n\t\t\t\t<\/div>\n\t\t\t\t<\/div>\n\t\t\t\t<div class=\"elementor-element elementor-element-b89d8d9 elementor-widget elementor-widget-text-editor\" data-id=\"b89d8d9\" data-element_type=\"widget\" data-widget_type=\"text-editor.default\">\n\t\t\t\t<div class=\"elementor-widget-container\">\n\t\t\t\t\t\t\t\t<div class=\"elementor-text-editor elementor-clearfix\">\n\t\t\t\t\t<p><strong>MATTI RAG PAANANEN<\/strong><\/p>\n<h2><strong>9. marraskuuta 1939\u00a0 \u2013 24. huhtikuuta 2022<\/strong><\/h2>\t\t\t\t\t<\/div>\n\t\t\t\t\t\t<\/div>\n\t\t\t\t<\/div>\n\t\t\t\t<div class=\"elementor-element elementor-element-cb81acf elementor-widget-divider--view-line_icon elementor-widget-divider--separator-type-pattern elementor-widget-divider--no-spacing elementor-view-default elementor-widget-divider--element-align-center elementor-widget elementor-widget-divider\" data-id=\"cb81acf\" data-element_type=\"widget\" data-widget_type=\"divider.default\">\n\t\t\t\t<div class=\"elementor-widget-container\">\n\t\t\t\t\t<div class=\"elementor-divider\" style=\"--divider-pattern-url: url(&quot;data:image\/svg+xml,%3Csvg xmlns=&#039;http:\/\/www.w3.org\/2000\/svg&#039; preserveAspectRatio=&#039;xMidYMid meet&#039; overflow=&#039;visible&#039; height=&#039;100%&#039; viewBox=&#039;0 0 126 26&#039; fill=&#039;black&#039; stroke=&#039;none&#039;%3E%3Cpath d=&#039;M3,10.2c2.6,0,2.6,2,2.6,3.2S4.4,16.5,3,16.5s-3-1.4-3-3.2S0.4,10.2,3,10.2z M18.8,10.2c1.7,0,3.2,1.4,3.2,3.2s-1.4,3.2-3.2,3.2c-1.7,0-3.2-1.4-3.2-3.2S17,10.2,18.8,10.2z M34.6,10.2c1.5,0,2.6,1.4,2.6,3.2s-0.5,3.2-1.9,3.2c-1.5,0-3.4-1.4-3.4-3.2S33.1,10.2,34.6,10.2z M50.5,10.2c1.7,0,3.2,1.4,3.2,3.2s-1.4,3.2-3.2,3.2c-1.7,0-3.3-0.9-3.3-2.6S48.7,10.2,50.5,10.2z M66.2,10.2c1.5,0,3.4,1.4,3.4,3.2s-1.9,3.2-3.4,3.2c-1.5,0-2.6-0.4-2.6-2.1S64.8,10.2,66.2,10.2z M82.2,10.2c1.7,0.8,2.6,1.4,2.6,3.2s-0.1,3.2-1.6,3.2c-1.5,0-3.7-1.4-3.7-3.2S80.5,9.4,82.2,10.2zM98.6,10.2c1.5,0,2.6,0.4,2.6,2.1s-1.2,4.2-2.6,4.2c-1.5,0-3.7-0.4-3.7-2.1S97.1,10.2,98.6,10.2z M113.4,10.2c1.2,0,2.2,0.9,2.2,3.2s-0.1,3.2-1.3,3.2s-3.1-1.4-3.1-3.2S112.2,10.2,113.4,10.2z&#039;\/%3E%3C\/svg%3E&quot;);\">\n\t\t\t<span class=\"elementor-divider-separator\">\n\t\t\t\t\t\t\t<div class=\"elementor-icon elementor-divider__element\">\n\t\t\t\t\t<i aria-hidden=\"true\" class=\"fas fa-cross\"><\/i><\/div>\n\t\t\t\t\t\t<\/span>\n\t\t<\/div>\n\t\t\t\t<\/div>\n\t\t\t\t<\/div>\n\t\t\t\t<div class=\"elementor-element elementor-element-f72eb64 elementor-widget elementor-widget-text-editor\" data-id=\"f72eb64\" data-element_type=\"widget\" data-widget_type=\"text-editor.default\">\n\t\t\t\t<div class=\"elementor-widget-container\">\n\t\t\t\t\t\t\t\t<div class=\"elementor-text-editor elementor-clearfix\">\n\t\t\t\t\t<h2>UUTISIA<\/h2>\n<p><strong>HUOM! MUSEODEBYYTTI N\u00c4YTTELY<\/strong><\/p>\n<p><strong><a href=\"https:\/\/avan.fi\/nayttelyt\/matti-rag-paananen?utm_source=Turun%20tapahtumakalenteri&amp;utm_medium=Matti%20Rag%20Paananen&amp;utm_campaign=homepage-link-button\">10.10.2025-22.3.2026 ARSNOVA (KLIKKAA TAPAHTUMAN SIVULLE)<\/a><\/strong><\/p>\n<p><a href=\"https:\/\/ragala.net\/ragala\/index.php\/2025\/12\/05\/taidenayttely-aboa-vetus-ars-nova-2025\/\" target=\"_blank\" rel=\"noopener\">Yll\u00e4pidon vierailu museossa<\/a><\/p>\t\t\t\t\t<\/div>\n\t\t\t\t\t\t<\/div>\n\t\t\t\t<\/div>\n\t\t\t\t<div class=\"elementor-element elementor-element-9ac3765 elementor-widget elementor-widget-text-editor\" data-id=\"9ac3765\" data-element_type=\"widget\" data-widget_type=\"text-editor.default\">\n\t\t\t\t<div class=\"elementor-widget-container\">\n\t\t\t\t\t\t\t\t<div class=\"elementor-text-editor elementor-clearfix\">\n\t\t\t\t\t<h2>\u00a0Tapahtui aiemmin<\/h2>\n<p><b>Manillan Danasali 11.4.2024 saakka esill\u00e4 60 Matti Rag Paanasen taulua<\/b><\/p>\n<p><b>Elokuu 2024 Ragalassa Matti Rag Paananen esitys, jossa esill\u00e4 kaikki Matin taiteenhaarat<\/b><\/p>\n<p>\u00a0<\/p>\n<p><b>Taidekappelissa syyskuussa 2024 Hirvensaloseuran j\u00e4rjest\u00e4m\u00e4 n\u00e4yttely Matti Rag Paanasen taiteesta, erityisesti Notre Dame aiheesta.<\/b><\/p>\t\t\t\t\t<\/div>\n\t\t\t\t\t\t<\/div>\n\t\t\t\t<\/div>\n\t\t\t\t<div class=\"elementor-element elementor-element-3a523b00 elementor-widget elementor-widget-text-editor\" data-id=\"3a523b00\" data-element_type=\"widget\" data-widget_type=\"text-editor.default\">\n\t\t\t\t<div class=\"elementor-widget-container\">\n\t\t\t\t\t\t\t\t<div class=\"elementor-text-editor elementor-clearfix\">\n\t\t\t\t\t<p><!-- wp:image {\"id\":19,\"sizeSlug\":\"large\"} --><!-- \/wp:image --><!-- wp:paragraph --><\/p>\n<p><strong>Ragala<\/strong> oli Matti Rag Paanasen koti, sek\u00e4 siell\u00e4 sijaitseva taidegalleria.\u00a0<\/p>\n<p><!-- \/wp:paragraph --><!-- wp:paragraph --><\/p>\n<p>T\u00e4m\u00e4 sivusto on virtuaalinen versio t\u00e4st\u00e4 taidegalleriasta, eli virtuaalinen ragala. Ei ehk\u00e4p\u00e4 aivan yht\u00e4 syk\u00e4hdytt\u00e4v\u00e4, kuin alkuper\u00e4inen, mutta taidetta on esill\u00e4 t\u00e4\u00e4l\u00e4kin.<\/p>\n<p><!-- \/wp:paragraph --><!-- wp:image {\"id\":20,\"sizeSlug\":\"large\"} --><\/p>\n<figure class=\"wp-block-image size-large\"><img loading=\"lazy\" decoding=\"async\" width=\"708\" height=\"1024\" class=\"wp-image-20\" src=\"http:\/\/ragala.net\/ragala\/wp-content\/uploads\/2020\/11\/020__MG_0398_Copyright-\u00a9-2011-Heikki-Merenkyla-708x1024.jpg\" alt=\"\" srcset=\"https:\/\/ragala.net\/ragala\/wp-content\/uploads\/2020\/11\/020__MG_0398_Copyright-\u00a9-2011-Heikki-Merenkyla-708x1024.jpg 708w, https:\/\/ragala.net\/ragala\/wp-content\/uploads\/2020\/11\/020__MG_0398_Copyright-\u00a9-2011-Heikki-Merenkyla-207x300.jpg 207w, https:\/\/ragala.net\/ragala\/wp-content\/uploads\/2020\/11\/020__MG_0398_Copyright-\u00a9-2011-Heikki-Merenkyla-768x1111.jpg 768w, https:\/\/ragala.net\/ragala\/wp-content\/uploads\/2020\/11\/020__MG_0398_Copyright-\u00a9-2011-Heikki-Merenkyla-300x434.jpg 300w, https:\/\/ragala.net\/ragala\/wp-content\/uploads\/2020\/11\/020__MG_0398_Copyright-\u00a9-2011-Heikki-Merenkyla-850x1229.jpg 850w, https:\/\/ragala.net\/ragala\/wp-content\/uploads\/2020\/11\/020__MG_0398_Copyright-\u00a9-2011-Heikki-Merenkyla.jpg 885w\" sizes=\"auto, (max-width: 708px) 100vw, 708px\" \/><\/figure>\n<p><!-- \/wp:paragraph --><\/p>\t\t\t\t\t<\/div>\n\t\t\t\t\t\t<\/div>\n\t\t\t\t<\/div>\n\t\t\t\t<div class=\"elementor-element elementor-element-22fe822 elementor-widget elementor-widget-heading\" data-id=\"22fe822\" data-element_type=\"widget\" data-widget_type=\"heading.default\">\n\t\t\t\t<div class=\"elementor-widget-container\">\n\t\t\t<h2 class=\"elementor-heading-title elementor-size-default\">KIITOS KUN\nVIERAILET SIVUILLA<\/h2>\t\t<\/div>\n\t\t\t\t<\/div>\n\t\t\t\t\t\t<\/div>\n\t\t\t\t\t<\/div>\n\t\t<\/div>\n\t\t\t\t\t\t\t\t<\/div>\n\t\t\t\t\t<\/div>\n\t\t<\/section>\n\t\t\t\t<section class=\"elementor-section elementor-top-section elementor-element elementor-element-8a59bb1 elementor-section-boxed elementor-section-height-default elementor-section-height-default\" data-id=\"8a59bb1\" data-element_type=\"section\">\n\t\t\t\t\t\t<div class=\"elementor-container elementor-column-gap-default\">\n\t\t\t\t\t\t\t<div class=\"elementor-row\">\n\t\t\t\t\t<div class=\"elementor-column elementor-col-100 elementor-top-column elementor-element elementor-element-a75037b\" data-id=\"a75037b\" data-element_type=\"column\">\n\t\t\t<div class=\"elementor-column-wrap elementor-element-populated\">\n\t\t\t\t\t\t\t<div class=\"elementor-widget-wrap\">\n\t\t\t\t\t\t<div class=\"elementor-element elementor-element-0cdac24 elementor-widget elementor-widget-text-editor\" data-id=\"0cdac24\" data-element_type=\"widget\" data-widget_type=\"text-editor.default\">\n\t\t\t\t<div class=\"elementor-widget-container\">\n\t\t\t\t\t\t\t\t<div class=\"elementor-text-editor elementor-clearfix\">\n\t\t\t\t\t<p>Sivusto muistaa l\u00e4mpim\u00e4sti suurta Turkulaista taiteilijaa ja toivoo turvallista matkaa suureen tuntemattomaan.<\/p>\t\t\t\t\t<\/div>\n\t\t\t\t\t\t<\/div>\n\t\t\t\t<\/div>\n\t\t\t\t\t\t<\/div>\n\t\t\t\t\t<\/div>\n\t\t<\/div>\n\t\t\t\t\t\t\t\t<\/div>\n\t\t\t\t\t<\/div>\n\t\t<\/section>\n\t\t\t\t\t\t<\/div>\n\t\t\t\t\t\t<\/div>\n\t\t\t\t\t<\/div>\n\t\t","protected":false},"excerpt":{"rendered":"<p>MATTI RAG PAANANEN 9. marraskuuta 1939\u00a0 \u2013 24. huhtikuuta 2022 UUTISIA HUOM! MUSEODEBYYTTI N\u00c4YTTELY 10.10.2025-22.3.2026 ARSNOVA (KLIKKAA TAPAHTUMAN SIVULLE) Yll\u00e4pidon vierailu museossa \u00a0Tapahtui aiemmin Manillan Danasali 11.4.2024 saakka esill\u00e4 60 Matti Rag Paanasen taulua Elokuu 2024 Ragalassa Matti Rag Paananen esitys, jossa esill\u00e4 kaikki Matin taiteenhaarat \u00a0 Taidekappelissa syyskuussa 2024 Hirvensaloseuran j\u00e4rjest\u00e4m\u00e4 n\u00e4yttely Matti Rag&#8230;<\/p>\n","protected":false},"author":1,"featured_media":0,"parent":0,"menu_order":0,"comment_status":"closed","ping_status":"closed","template":"","meta":{"footnotes":""},"class_list":["post-5","page","type-page","status-publish","hentry"],"_links":{"self":[{"href":"https:\/\/ragala.net\/ragala\/index.php\/wp-json\/wp\/v2\/pages\/5","targetHints":{"allow":["GET"]}}],"collection":[{"href":"https:\/\/ragala.net\/ragala\/index.php\/wp-json\/wp\/v2\/pages"}],"about":[{"href":"https:\/\/ragala.net\/ragala\/index.php\/wp-json\/wp\/v2\/types\/page"}],"author":[{"embeddable":true,"href":"https:\/\/ragala.net\/ragala\/index.php\/wp-json\/wp\/v2\/users\/1"}],"replies":[{"embeddable":true,"href":"https:\/\/ragala.net\/ragala\/index.php\/wp-json\/wp\/v2\/comments?post=5"}],"version-history":[{"count":32,"href":"https:\/\/ragala.net\/ragala\/index.php\/wp-json\/wp\/v2\/pages\/5\/revisions"}],"predecessor-version":[{"id":1327,"href":"https:\/\/ragala.net\/ragala\/index.php\/wp-json\/wp\/v2\/pages\/5\/revisions\/1327"}],"wp:attachment":[{"href":"https:\/\/ragala.net\/ragala\/index.php\/wp-json\/wp\/v2\/media?parent=5"}],"curies":[{"name":"wp","href":"https:\/\/api.w.org\/{rel}","templated":true}]}}