{"id":275,"date":"2020-12-07T12:26:45","date_gmt":"2020-12-07T10:26:45","guid":{"rendered":"http:\/\/ragala.net\/ragala\/?page_id=275"},"modified":"2021-04-23T18:44:35","modified_gmt":"2021-04-23T15:44:35","slug":"raha","status":"publish","type":"page","link":"https:\/\/ragala.net\/ragala\/index.php\/raha\/","title":{"rendered":"RAHA"},"content":{"rendered":"\n<p>Taidetta jonka tekemiseen k\u00e4ytetty erimaiden rahoja<\/p>\n\n\n<div id=\"maxgallery-262\" class=\"mg-image-tiles borderless\">\t<div class=\"mg-thumbs mg-fivecol\">\t\t<ul><li>\t<a class='mg-magnific' href='https:\/\/ragala.net\/ragala\/wp-content\/uploads\/2020\/12\/Emukone.jpg' target='' rel='mg-rel-image-thumbs' title=''>\t\t<div class=\"\"><img class=\"mg_lazy\" data-src=\"https:\/\/ragala.net\/ragala\/wp-content\/uploads\/2020\/12\/Emukone-200x200.jpg\" width=\"200\" height=\"200\" alt=\"\" title=\"Emukone\" \/><noscript><img loading=\"lazy\" decoding=\"async\" src=\"https:\/\/ragala.net\/ragala\/wp-content\/uploads\/2020\/12\/Emukone-200x200.jpg\" width=\"200\" height=\"200\" alt=\"\" \/><\/noscript>\t\t<\/div>\t<\/a><\/li><li>\t<a class='mg-magnific' href='https:\/\/ragala.net\/ragala\/wp-content\/uploads\/2020\/12\/Emu-2002.jpg' target='' rel='mg-rel-image-thumbs' title=''>\t\t<div class=\"\"><img class=\"mg_lazy\" data-src=\"https:\/\/ragala.net\/ragala\/wp-content\/uploads\/2020\/12\/Emu-2002-200x200.jpg\" width=\"200\" height=\"200\" alt=\"\" title=\"Emu 2002\" \/><noscript><img loading=\"lazy\" decoding=\"async\" src=\"https:\/\/ragala.net\/ragala\/wp-content\/uploads\/2020\/12\/Emu-2002-200x200.jpg\" width=\"200\" height=\"200\" alt=\"\" \/><\/noscript>\t\t<\/div>\t<\/a><\/li><li>\t<a class='mg-magnific' href='https:\/\/ragala.net\/ragala\/wp-content\/uploads\/2020\/12\/Emu-2001.jpg' target='' rel='mg-rel-image-thumbs' title=''>\t\t<div class=\"\"><img class=\"mg_lazy\" data-src=\"https:\/\/ragala.net\/ragala\/wp-content\/uploads\/2020\/12\/Emu-2001-200x200.jpg\" width=\"200\" height=\"200\" alt=\"\" title=\"Emu 2001\" \/><noscript><img loading=\"lazy\" decoding=\"async\" src=\"https:\/\/ragala.net\/ragala\/wp-content\/uploads\/2020\/12\/Emu-2001-200x200.jpg\" width=\"200\" height=\"200\" alt=\"\" \/><\/noscript>\t\t<\/div>\t<\/a><\/li><li>\t<a class='mg-magnific' href='https:\/\/ragala.net\/ragala\/wp-content\/uploads\/2020\/12\/Emu-2000.jpg' target='' rel='mg-rel-image-thumbs' title=''>\t\t<div class=\"\"><img class=\"mg_lazy\" data-src=\"https:\/\/ragala.net\/ragala\/wp-content\/uploads\/2020\/12\/Emu-2000-200x200.jpg\" width=\"200\" height=\"200\" alt=\"\" title=\"Emu -2000\" \/><noscript><img loading=\"lazy\" decoding=\"async\" src=\"https:\/\/ragala.net\/ragala\/wp-content\/uploads\/2020\/12\/Emu-2000-200x200.jpg\" width=\"200\" height=\"200\" alt=\"\" \/><\/noscript>\t\t<\/div>\t<\/a><\/li><li>\t<a class='mg-magnific' href='https:\/\/ragala.net\/ragala\/wp-content\/uploads\/2020\/12\/Bluemu-1.jpg' target='' rel='mg-rel-image-thumbs' title=''>\t\t<div class=\"\"><img class=\"mg_lazy\" data-src=\"https:\/\/ragala.net\/ragala\/wp-content\/uploads\/2020\/12\/Bluemu-1-200x200.jpg\" width=\"200\" height=\"200\" alt=\"\" title=\"Bluemu\" \/><noscript><img loading=\"lazy\" decoding=\"async\" src=\"https:\/\/ragala.net\/ragala\/wp-content\/uploads\/2020\/12\/Bluemu-1-200x200.jpg\" width=\"200\" height=\"200\" alt=\"\" \/><\/noscript>\t\t<\/div>\t<\/a><\/li><li>\t<a class='mg-magnific' href='https:\/\/ragala.net\/ragala\/wp-content\/uploads\/2020\/12\/Black-emu.jpg' target='' rel='mg-rel-image-thumbs' title=''>\t\t<div class=\"\"><img class=\"mg_lazy\" data-src=\"https:\/\/ragala.net\/ragala\/wp-content\/uploads\/2020\/12\/Black-emu-200x200.jpg\" width=\"200\" height=\"200\" alt=\"\" title=\"Black emu\" \/><noscript><img loading=\"lazy\" decoding=\"async\" src=\"https:\/\/ragala.net\/ragala\/wp-content\/uploads\/2020\/12\/Black-emu-200x200.jpg\" width=\"200\" height=\"200\" alt=\"\" \/><\/noscript>\t\t<\/div>\t<\/a><\/li>\t\t<\/ul>\t\t<div class=\"clear\"><\/div>\t<\/div>\t<span style=\"display: none;\" class=\"hidden-image-tiles-gallery-id\">262<\/span>\t<span style=\"display: none;\" class=\"hidden-image-tiles-vertical-fit-enabled\">false<\/span>\t<span style=\"display: none;\" class=\"hidden-image-tiles-content-click-close-enabled\">true<\/span>\t<span style=\"display: none;\" class=\"hidden-image-tiles-bg-click-close-enabled\">true<\/span>\t<span style=\"display: none;\" class=\"hidden-image-tiles-close-btn-inside-enabled\">false<\/span>\t<span style=\"display: none;\" class=\"hidden-image-tiles-hide-close-btn-enabled\">true<\/span>\t<span style=\"display: none;\" class=\"hidden-image-tiles-escape-key-enabled\">true<\/span>\t<span style=\"display: none;\" class=\"hidden-image-tiles-align-top-enabled\">false<\/span>\t<span style=\"display: none;\" class=\"hidden-image-tiles-fixed-content-position\">auto<\/span>\t<span style=\"display: none;\" class=\"hidden-image-tiles-zoom-enabled\">false<\/span>\t<span style=\"display: none;\" class=\"hidden-image-tiles-popup-main-class\"><\/span>\t<span style=\"display: none;\" class=\"hidden-image-tiles-easing-type\">ease-in-out<\/span>\t<span style=\"display: none;\" class=\"hidden-image-tiles-zoom-duration\">300<\/span>\t<span style=\"display: none;\" class=\"hidden-image-tiles-overflow-y\">auto<\/span>\t<span style=\"display: none;\" class=\"hidden-image-tiles-retina-enabled\">false<\/span>\t<span style=\"display: none;\" class=\"hidden-image-tiles-removal-delay\">0<\/span>\t<span style=\"display: none;\" class=\"hidden-image-tiles-gallery-enabled\">true<\/span>\t<span style=\"display: none;\" class=\"hidden-image-tiles-navigate-by-img-click-enabled\">false<\/span>\t<span style=\"display: none;\" class=\"hidden-image-tiles-arrow-markup\"><button title='%title%' type='button' class='mfp-arrow mfp-arrow-%dir%'><\/button><\/span>\t<span style=\"display: none;\" class=\"hidden-image-tiles-prev-button-title\">Previous (Left arrow key)<\/span>\t<span style=\"display: none;\" class=\"hidden-image-tiles-next-button-title\">Next (Right arrow key)<\/span>\t<span style=\"display: none;\" class=\"hidden-image-tiles-counter-markup\"><div class='mfp-counter'>%curr% of %total%<\/div><\/span><\/div><script>document.addEventListener(\"DOMContentLoaded\", function(event) { jQuery(\"img.mg_lazy\").lazyload({threshold : 1});});<\/script>\n\n\n\n<p class=\"has-text-align-right\"><strong>Kuvat yll\u00e4: H.Merenkyl\u00e4<\/strong><\/p>\n\n\n\n<hr class=\"wp-block-separator has-text-color has-background has-vivid-cyan-blue-background-color has-vivid-cyan-blue-color is-style-wide\"\/>\n\n\n<div id=\"maxgallery-1082\" class=\"mg-image-tiles borderless\">\t<div class=\"mg-thumbs mg-fivecol\">\t\t<ul><li>\t<a class='mg-magnific' href='https:\/\/ragala.net\/ragala\/wp-content\/uploads\/2021\/04\/raha5.png' target='' rel='mg-rel-image-thumbs' title=''>\t\t<div class=\"\"><img class=\"mg_lazy\" data-src=\"https:\/\/ragala.net\/ragala\/wp-content\/uploads\/2021\/04\/raha5-200x200.png\" width=\"200\" height=\"200\" alt=\"\" title=\"raha5\" \/><noscript><img loading=\"lazy\" decoding=\"async\" src=\"https:\/\/ragala.net\/ragala\/wp-content\/uploads\/2021\/04\/raha5-200x200.png\" width=\"200\" height=\"200\" alt=\"\" \/><\/noscript>\t\t<\/div>\t<\/a><\/li><li>\t<a class='mg-magnific' href='https:\/\/ragala.net\/ragala\/wp-content\/uploads\/2021\/04\/raha4.png' target='' rel='mg-rel-image-thumbs' title=''>\t\t<div class=\"\"><img class=\"mg_lazy\" data-src=\"https:\/\/ragala.net\/ragala\/wp-content\/uploads\/2021\/04\/raha4-200x200.png\" width=\"200\" height=\"200\" alt=\"\" title=\"raha4\" \/><noscript><img loading=\"lazy\" decoding=\"async\" src=\"https:\/\/ragala.net\/ragala\/wp-content\/uploads\/2021\/04\/raha4-200x200.png\" width=\"200\" height=\"200\" alt=\"\" \/><\/noscript>\t\t<\/div>\t<\/a><\/li><li>\t<a class='mg-magnific' href='https:\/\/ragala.net\/ragala\/wp-content\/uploads\/2021\/04\/raha3.png' target='' rel='mg-rel-image-thumbs' title=''>\t\t<div class=\"\"><img class=\"mg_lazy\" data-src=\"https:\/\/ragala.net\/ragala\/wp-content\/uploads\/2021\/04\/raha3-200x200.png\" width=\"200\" height=\"200\" alt=\"\" title=\"raha3\" \/><noscript><img loading=\"lazy\" decoding=\"async\" src=\"https:\/\/ragala.net\/ragala\/wp-content\/uploads\/2021\/04\/raha3-200x200.png\" width=\"200\" height=\"200\" alt=\"\" \/><\/noscript>\t\t<\/div>\t<\/a><\/li><li>\t<a class='mg-magnific' href='https:\/\/ragala.net\/ragala\/wp-content\/uploads\/2021\/04\/raha2.png' target='' rel='mg-rel-image-thumbs' title=''>\t\t<div class=\"\"><img class=\"mg_lazy\" data-src=\"https:\/\/ragala.net\/ragala\/wp-content\/uploads\/2021\/04\/raha2-200x200.png\" width=\"200\" height=\"200\" alt=\"\" title=\"raha2\" \/><noscript><img loading=\"lazy\" decoding=\"async\" src=\"https:\/\/ragala.net\/ragala\/wp-content\/uploads\/2021\/04\/raha2-200x200.png\" width=\"200\" height=\"200\" alt=\"\" \/><\/noscript>\t\t<\/div>\t<\/a><\/li><li>\t<a class='mg-magnific' href='https:\/\/ragala.net\/ragala\/wp-content\/uploads\/2021\/04\/raha1.png' target='' rel='mg-rel-image-thumbs' title=''>\t\t<div class=\"\"><img class=\"mg_lazy\" data-src=\"https:\/\/ragala.net\/ragala\/wp-content\/uploads\/2021\/04\/raha1-200x200.png\" width=\"200\" height=\"200\" alt=\"\" title=\"raha1\" \/><noscript><img loading=\"lazy\" decoding=\"async\" src=\"https:\/\/ragala.net\/ragala\/wp-content\/uploads\/2021\/04\/raha1-200x200.png\" width=\"200\" height=\"200\" alt=\"\" \/><\/noscript>\t\t<\/div>\t<\/a><\/li>\t\t<\/ul>\t\t<div class=\"clear\"><\/div>\t<\/div>\t<span style=\"display: none;\" class=\"hidden-image-tiles-gallery-id\">1082<\/span>\t<span style=\"display: none;\" class=\"hidden-image-tiles-vertical-fit-enabled\">false<\/span>\t<span style=\"display: none;\" class=\"hidden-image-tiles-content-click-close-enabled\">true<\/span>\t<span style=\"display: none;\" class=\"hidden-image-tiles-bg-click-close-enabled\">true<\/span>\t<span style=\"display: none;\" class=\"hidden-image-tiles-close-btn-inside-enabled\">false<\/span>\t<span style=\"display: none;\" class=\"hidden-image-tiles-hide-close-btn-enabled\">true<\/span>\t<span style=\"display: none;\" class=\"hidden-image-tiles-escape-key-enabled\">true<\/span>\t<span style=\"display: none;\" class=\"hidden-image-tiles-align-top-enabled\">false<\/span>\t<span style=\"display: none;\" class=\"hidden-image-tiles-fixed-content-position\">auto<\/span>\t<span style=\"display: none;\" class=\"hidden-image-tiles-zoom-enabled\">false<\/span>\t<span style=\"display: none;\" class=\"hidden-image-tiles-popup-main-class\"><\/span>\t<span style=\"display: none;\" class=\"hidden-image-tiles-easing-type\">ease-in-out<\/span>\t<span style=\"display: none;\" class=\"hidden-image-tiles-zoom-duration\">300<\/span>\t<span style=\"display: none;\" class=\"hidden-image-tiles-overflow-y\">auto<\/span>\t<span style=\"display: none;\" class=\"hidden-image-tiles-retina-enabled\">false<\/span>\t<span style=\"display: none;\" class=\"hidden-image-tiles-removal-delay\">0<\/span>\t<span style=\"display: none;\" class=\"hidden-image-tiles-gallery-enabled\">true<\/span>\t<span style=\"display: none;\" class=\"hidden-image-tiles-navigate-by-img-click-enabled\">false<\/span>\t<span style=\"display: none;\" class=\"hidden-image-tiles-arrow-markup\"><button title='%title%' type='button' class='mfp-arrow mfp-arrow-%dir%'><\/button><\/span>\t<span style=\"display: none;\" class=\"hidden-image-tiles-prev-button-title\">Previous (Left arrow key)<\/span>\t<span style=\"display: none;\" class=\"hidden-image-tiles-next-button-title\">Next (Right arrow key)<\/span>\t<span style=\"display: none;\" class=\"hidden-image-tiles-counter-markup\"><div class='mfp-counter'>%curr% of %total%<\/div><\/span><\/div><script>document.addEventListener(\"DOMContentLoaded\", function(event) { jQuery(\"img.mg_lazy\").lazyload({threshold : 1});});<\/script>\n\n\n\n<p class=\"has-text-align-right\"><strong>Kuvat yll\u00e4: tepish.net<\/strong><\/p>\n","protected":false},"excerpt":{"rendered":"<p>Taidetta jonka tekemiseen k\u00e4ytetty erimaiden rahoja Kuvat yll\u00e4: H.Merenkyl\u00e4 Kuvat yll\u00e4: tepish.net<\/p>\n","protected":false},"author":1,"featured_media":0,"parent":0,"menu_order":0,"comment_status":"closed","ping_status":"closed","template":"","meta":{"footnotes":""},"class_list":["post-275","page","type-page","status-publish","hentry"],"_links":{"self":[{"href":"https:\/\/ragala.net\/ragala\/index.php\/wp-json\/wp\/v2\/pages\/275","targetHints":{"allow":["GET"]}}],"collection":[{"href":"https:\/\/ragala.net\/ragala\/index.php\/wp-json\/wp\/v2\/pages"}],"about":[{"href":"https:\/\/ragala.net\/ragala\/index.php\/wp-json\/wp\/v2\/types\/page"}],"author":[{"embeddable":true,"href":"https:\/\/ragala.net\/ragala\/index.php\/wp-json\/wp\/v2\/users\/1"}],"replies":[{"embeddable":true,"href":"https:\/\/ragala.net\/ragala\/index.php\/wp-json\/wp\/v2\/comments?post=275"}],"version-history":[{"count":5,"href":"https:\/\/ragala.net\/ragala\/index.php\/wp-json\/wp\/v2\/pages\/275\/revisions"}],"predecessor-version":[{"id":1097,"href":"https:\/\/ragala.net\/ragala\/index.php\/wp-json\/wp\/v2\/pages\/275\/revisions\/1097"}],"wp:attachment":[{"href":"https:\/\/ragala.net\/ragala\/index.php\/wp-json\/wp\/v2\/media?parent=275"}],"curies":[{"name":"wp","href":"https:\/\/api.w.org\/{rel}","templated":true}]}}